{"id":2850,"date":"2025-09-18T15:00:27","date_gmt":"2025-09-18T13:00:27","guid":{"rendered":"https:\/\/thyon-immo.ch\/?page_id=2850"},"modified":"2026-01-22T23:10:46","modified_gmt":"2026-01-22T22:10:46","slug":"impressum","status":"publish","type":"page","link":"https:\/\/thyon-immo.ch\/de\/impressum\/","title":{"rendered":"Impressum"},"content":{"rendered":"\t\t<div data-elementor-type=\"wp-page\" data-elementor-id=\"2850\" class=\"elementor elementor-2850 elementor-53\" data-elementor-post-type=\"page\">\n\t\t\t\t\t\t<section class=\"elementor-section elementor-top-section elementor-element elementor-element-fa928c3 animated-fast elementor-section-boxed elementor-section-height-default elementor-section-height-default elementor-invisible\" data-id=\"fa928c3\" data-element_type=\"section\" data-settings=\"{&quot;background_background&quot;:&quot;classic&quot;,&quot;animation&quot;:&quot;fadeIn&quot;}\">\n\t\t\t\t\t\t\t<div class=\"elementor-background-overlay\"><\/div>\n\t\t\t\t\t\t\t<div class=\"elementor-container elementor-column-gap-default\">\n\t\t\t\t\t<div class=\"elementor-column elementor-col-100 elementor-top-column elementor-element elementor-element-a0b3860\" data-id=\"a0b3860\" data-element_type=\"column\">\n\t\t\t<div class=\"elementor-widget-wrap elementor-element-populated\">\n\t\t\t\t\t\t<section class=\"elementor-section elementor-inner-section elementor-element elementor-element-0862e66 elementor-section-boxed elementor-section-height-default elementor-section-height-default\" data-id=\"0862e66\" data-element_type=\"section\">\n\t\t\t\t\t\t<div class=\"elementor-container elementor-column-gap-default\">\n\t\t\t\t\t<div class=\"elementor-column elementor-col-100 elementor-inner-column elementor-element elementor-element-ef7ddb9\" data-id=\"ef7ddb9\" data-element_type=\"column\">\n\t\t\t<div class=\"elementor-widget-wrap elementor-element-populated\">\n\t\t\t\t\t\t<div class=\"elementor-element elementor-element-8d08b59 elementor-widget elementor-widget-heading\" data-id=\"8d08b59\" data-element_type=\"widget\" data-widget_type=\"heading.default\">\n\t\t\t\t<div class=\"elementor-widget-container\">\n\t\t\t\t\t<h1 class=\"elementor-heading-title elementor-size-default\">Impressum<\/h1>\t\t\t\t<\/div>\n\t\t\t\t<\/div>\n\t\t\t\t<div class=\"elementor-element elementor-element-3e3c767 elementor-widget elementor-widget-heading\" data-id=\"3e3c767\" data-element_type=\"widget\" data-widget_type=\"heading.default\">\n\t\t\t\t<div class=\"elementor-widget-container\">\n\t\t\t\t\t<h2 class=\"elementor-heading-title elementor-size-default\">Immobilienagentur Thyon Immobilier<\/h2>\t\t\t\t<\/div>\n\t\t\t\t<\/div>\n\t\t\t\t\t<\/div>\n\t\t<\/div>\n\t\t\t\t\t<\/div>\n\t\t<\/section>\n\t\t\t\t\t<\/div>\n\t\t<\/div>\n\t\t\t\t\t<\/div>\n\t\t<\/section>\n\t\t\t\t<section class=\"elementor-section elementor-top-section elementor-element elementor-element-ad55cc2 elementor-section-boxed elementor-section-height-default elementor-section-height-default\" data-id=\"ad55cc2\" data-element_type=\"section\">\n\t\t\t\t\t\t<div class=\"elementor-container elementor-column-gap-default\">\n\t\t\t\t\t<div class=\"elementor-column elementor-col-100 elementor-top-column elementor-element elementor-element-44e0424\" data-id=\"44e0424\" data-element_type=\"column\">\n\t\t\t<div class=\"elementor-widget-wrap elementor-element-populated\">\n\t\t\t\t\t\t<section class=\"elementor-section elementor-inner-section elementor-element elementor-element-38630ce elementor-section-boxed elementor-section-height-default elementor-section-height-default\" data-id=\"38630ce\" data-element_type=\"section\">\n\t\t\t\t\t\t<div class=\"elementor-container elementor-column-gap-default\">\n\t\t\t\t\t<div class=\"elementor-column elementor-col-100 elementor-inner-column elementor-element elementor-element-1fe4daa\" data-id=\"1fe4daa\" data-element_type=\"column\">\n\t\t\t<div class=\"elementor-widget-wrap elementor-element-populated\">\n\t\t\t\t\t\t<div class=\"elementor-element elementor-element-af44345 elementor-widget elementor-widget-text-editor\" data-id=\"af44345\" data-element_type=\"widget\" data-widget_type=\"text-editor.default\">\n\t\t\t\t<div class=\"elementor-widget-container\">\n\t\t\t\t\t\t\t\t\t<p><strong>Herausgeber und Eigent\u00fcmer<\/strong><\/p><p>Thyon Immobilier<br \/>Rue Les Collons 21<br \/>CH-1988 Thyon &#8211; Les Collons<br \/><a href=\"tel:+41210000000\">+41272811677<\/a><br \/><a href=\"mailto:info@thyon-immo.ch\">info@thyon-immo.ch<\/a><\/p><p><strong>Verlagsleiter<\/strong><\/p><p>Thyon Immobilier<\/p><p><strong>Gastgeber<\/strong><\/p><p>Diese Seite wird gehostet von <a href=\"https:\/\/www.infomaniak.com\" target=\"_blank\" rel=\"noopener\">infomaniak.com<\/a><\/p><p><strong>Geistiges Eigentum<\/strong><\/p><p>Gem\u00e4\u00df den Bestimmungen von Artikel L 112-3 des Gesetzes \u00fcber geistiges Eigentum d\u00fcrfen alle Elemente, aus denen die Website besteht, ohne die ausdr\u00fcckliche Genehmigung des Betreibers der Website nicht vollst\u00e4ndig oder teilweise auf irgendeinem Medium reproduziert werden oder seinem Bevollm\u00e4chtigten unter Androhung gerichtlicher Schritte.<\/p><p><strong>Schutz personenbezogener Daten<\/strong><\/p><p>Wir weisen Sie darauf hin, dass die bei der Anfrage erhobenen Daten zur Bearbeitung Ihrer Anfrage erforderlich sind. Gem\u00e4\u00df den Artikeln 39 ff. des Gesetzes Nr. 78-17 \u00ab Informatique et Libert\u00e9s \u00bb vom 6. Januar 1978 haben Sie das Recht auf Zugang, \u00c4nderung, Berichtigung und L\u00f6schung der Sie betreffenden Daten. Zur Aus\u00fcbung dieses Rechts wenden Sie sich bitte ausschlie\u00dflich per E-Mail an die oben angegebene Kontaktadresse.<\/p>\t\t\t\t\t\t\t\t<\/div>\n\t\t\t\t<\/div>\n\t\t\t\t\t<\/div>\n\t\t<\/div>\n\t\t\t\t\t<\/div>\n\t\t<\/section>\n\t\t\t\t\t<\/div>\n\t\t<\/div>\n\t\t\t\t\t<\/div>\n\t\t<\/section>\n\t\t\t\t<\/div>\n\t\t","protected":false},"excerpt":{"rendered":"<p>Impressum Immobilienagentur Thyon Immobilier Herausgeber und Eigent\u00fcmer Thyon ImmobilierRue Les Collons 21CH-1988 Thyon &#8211; Les Collons+41272811677info@thyon-immo.ch Verlagsleiter Thyon Immobilier Gastgeber Diese Seite wird gehostet von infomaniak.com Geistiges Eigentum Gem\u00e4\u00df den Bestimmungen von Artikel L 112-3 des Gesetzes \u00fcber geistiges Eigentum d\u00fcrfen alle Elemente, aus denen die Website besteht, ohne die ausdr\u00fcckliche Genehmigung des Betreibers der [&hellip;]<\/p>\n","protected":false},"author":2,"featured_media":0,"parent":0,"menu_order":0,"comment_status":"closed","ping_status":"closed","template":"","meta":{"_acf_changed":false,"site-sidebar-layout":"default","site-content-layout":"page-builder","ast-site-content-layout":"default","site-content-style":"default","site-sidebar-style":"default","ast-global-header-display":"","ast-banner-title-visibility":"disabled","ast-main-header-display":"","ast-hfb-above-header-display":"","ast-hfb-below-header-display":"","ast-hfb-mobile-header-display":"","site-post-title":"disabled","ast-breadcrumbs-content":"disabled","ast-featured-img":"disabled","footer-sml-layout":"disabled","ast-disable-related-posts":"","theme-transparent-header-meta":"default","adv-header-id-meta":"","stick-header-meta":"","header-above-stick-meta":"","header-main-stick-meta":"","header-below-stick-meta":"","astra-migrate-meta-layouts":"set","ast-page-background-enabled":"default","ast-page-background-meta":{"desktop":{"background-color":"var(--ast-global-color-4)","background-image":"","background-repeat":"repeat","background-position":"center center","background-size":"auto","background-attachment":"scroll","background-type":"","background-media":"","overlay-type":"","overlay-color":"","overlay-opacity":"","overlay-gradient":""},"tablet":{"background-color":"","background-image":"","background-repeat":"repeat","background-position":"center center","background-size":"auto","background-attachment":"scroll","background-type":"","background-media":"","overlay-type":"","overlay-color":"","overlay-opacity":"","overlay-gradient":""},"mobile":{"background-color":"","background-image":"","background-repeat":"repeat","background-position":"center center","background-size":"auto","background-attachment":"scroll","background-type":"","background-media":"","overlay-type":"","overlay-color":"","overlay-opacity":"","overlay-gradient":""}},"ast-content-background-meta":{"desktop":{"background-color":"var(--ast-global-color-5)","background-image":"","background-repeat":"repeat","background-position":"center center","background-size":"auto","background-attachment":"scroll","background-type":"","background-media":"","overlay-type":"","overlay-color":"","overlay-opacity":"","overlay-gradient":""},"tablet":{"background-color":"var(--ast-global-color-5)","background-image":"","background-repeat":"repeat","background-position":"center center","background-size":"auto","background-attachment":"scroll","background-type":"","background-media":"","overlay-type":"","overlay-color":"","overlay-opacity":"","overlay-gradient":""},"mobile":{"background-color":"var(--ast-global-color-5)","background-image":"","background-repeat":"repeat","background-position":"center center","background-size":"auto","background-attachment":"scroll","background-type":"","background-media":"","overlay-type":"","overlay-color":"","overlay-opacity":"","overlay-gradient":""}},"footnotes":""},"class_list":["post-2850","page","type-page","status-publish","hentry"],"acf":[],"_links":{"self":[{"href":"https:\/\/thyon-immo.ch\/de\/wp-json\/wp\/v2\/pages\/2850","targetHints":{"allow":["GET"]}}],"collection":[{"href":"https:\/\/thyon-immo.ch\/de\/wp-json\/wp\/v2\/pages"}],"about":[{"href":"https:\/\/thyon-immo.ch\/de\/wp-json\/wp\/v2\/types\/page"}],"author":[{"embeddable":true,"href":"https:\/\/thyon-immo.ch\/de\/wp-json\/wp\/v2\/users\/2"}],"replies":[{"embeddable":true,"href":"https:\/\/thyon-immo.ch\/de\/wp-json\/wp\/v2\/comments?post=2850"}],"version-history":[{"count":0,"href":"https:\/\/thyon-immo.ch\/de\/wp-json\/wp\/v2\/pages\/2850\/revisions"}],"wp:attachment":[{"href":"https:\/\/thyon-immo.ch\/de\/wp-json\/wp\/v2\/media?parent=2850"}],"curies":[{"name":"wp","href":"https:\/\/api.w.org\/{rel}","templated":true}]}}