{"id":2858,"date":"2025-09-18T17:05:23","date_gmt":"2025-09-18T15:05:23","guid":{"rendered":"https:\/\/thyon-immo.ch\/?page_id=2858"},"modified":"2026-01-22T23:11:53","modified_gmt":"2026-01-22T22:11:53","slug":"datenschutzrichtlinie","status":"publish","type":"page","link":"https:\/\/thyon-immo.ch\/de\/datenschutzrichtlinie\/","title":{"rendered":"Datenschutzrichtlinie"},"content":{"rendered":"\t\t<div data-elementor-type=\"wp-page\" data-elementor-id=\"2858\" class=\"elementor elementor-2858 elementor-3\" data-elementor-post-type=\"page\">\n\t\t\t\t\t\t<section class=\"elementor-section elementor-top-section elementor-element elementor-element-f38f615 animated-fast elementor-section-boxed elementor-section-height-default elementor-section-height-default elementor-invisible\" data-id=\"f38f615\" data-element_type=\"section\" data-settings=\"{&quot;background_background&quot;:&quot;classic&quot;,&quot;animation&quot;:&quot;fadeIn&quot;}\">\n\t\t\t\t\t\t\t<div class=\"elementor-background-overlay\"><\/div>\n\t\t\t\t\t\t\t<div class=\"elementor-container elementor-column-gap-default\">\n\t\t\t\t\t<div class=\"elementor-column elementor-col-100 elementor-top-column elementor-element elementor-element-43730d8\" data-id=\"43730d8\" data-element_type=\"column\">\n\t\t\t<div class=\"elementor-widget-wrap elementor-element-populated\">\n\t\t\t\t\t\t<section class=\"elementor-section elementor-inner-section elementor-element elementor-element-4776c3e elementor-section-boxed elementor-section-height-default elementor-section-height-default\" data-id=\"4776c3e\" data-element_type=\"section\">\n\t\t\t\t\t\t<div class=\"elementor-container elementor-column-gap-default\">\n\t\t\t\t\t<div class=\"elementor-column elementor-col-100 elementor-inner-column elementor-element elementor-element-ae6f3b5\" data-id=\"ae6f3b5\" data-element_type=\"column\">\n\t\t\t<div class=\"elementor-widget-wrap elementor-element-populated\">\n\t\t\t\t\t\t<div class=\"elementor-element elementor-element-faff6c2 elementor-widget elementor-widget-heading\" data-id=\"faff6c2\" data-element_type=\"widget\" data-widget_type=\"heading.default\">\n\t\t\t\t<div class=\"elementor-widget-container\">\n\t\t\t\t\t<h1 class=\"elementor-heading-title elementor-size-default\">Datenschutzrichtlinie<\/h1>\t\t\t\t<\/div>\n\t\t\t\t<\/div>\n\t\t\t\t<div class=\"elementor-element elementor-element-2c9846f elementor-widget elementor-widget-heading\" data-id=\"2c9846f\" data-element_type=\"widget\" data-widget_type=\"heading.default\">\n\t\t\t\t<div class=\"elementor-widget-container\">\n\t\t\t\t\t<h2 class=\"elementor-heading-title elementor-size-default\">Immobilienagentur Thyon Immobilier<\/h2>\t\t\t\t<\/div>\n\t\t\t\t<\/div>\n\t\t\t\t\t<\/div>\n\t\t<\/div>\n\t\t\t\t\t<\/div>\n\t\t<\/section>\n\t\t\t\t\t<\/div>\n\t\t<\/div>\n\t\t\t\t\t<\/div>\n\t\t<\/section>\n\t\t\t\t<section class=\"elementor-section elementor-top-section elementor-element elementor-element-7bdf5e2 elementor-section-boxed elementor-section-height-default elementor-section-height-default\" data-id=\"7bdf5e2\" data-element_type=\"section\">\n\t\t\t\t\t\t<div class=\"elementor-container elementor-column-gap-default\">\n\t\t\t\t\t<div class=\"elementor-column elementor-col-100 elementor-top-column elementor-element elementor-element-a21a4b3\" data-id=\"a21a4b3\" data-element_type=\"column\">\n\t\t\t<div class=\"elementor-widget-wrap elementor-element-populated\">\n\t\t\t\t\t\t<section class=\"elementor-section elementor-inner-section elementor-element elementor-element-5313231 elementor-section-boxed elementor-section-height-default elementor-section-height-default\" data-id=\"5313231\" data-element_type=\"section\">\n\t\t\t\t\t\t<div class=\"elementor-container elementor-column-gap-default\">\n\t\t\t\t\t<div class=\"elementor-column elementor-col-100 elementor-inner-column elementor-element elementor-element-d727624\" data-id=\"d727624\" data-element_type=\"column\">\n\t\t\t<div class=\"elementor-widget-wrap elementor-element-populated\">\n\t\t\t\t\t\t<div class=\"elementor-element elementor-element-6652610 elementor-widget elementor-widget-text-editor\" data-id=\"6652610\" data-element_type=\"widget\" data-widget_type=\"text-editor.default\">\n\t\t\t\t<div class=\"elementor-widget-container\">\n\t\t\t\t\t\t\t\t\t<p><strong>Die Datenschutzerkl\u00e4rung kann jederzeit ge\u00e4ndert oder erg\u00e4nzt werden. Das Ziel besteht darin, alle gesetzlichen, beh\u00f6rdlichen, rechtswissenschaftlichen oder technologischen Entwicklungen einzuhalten und Sie als Benutzer zu warnen.<\/strong><\/p><p>Diese Datenschutzrichtlinie kann sich im Laufe der Zeit \u00e4ndern. Im Falle zuk\u00fcnftiger \u00c4nderungen oder zus\u00e4tzlicher Informationen wird das Datum der Aktualisierung oben in dieser Richtlinie deutlich angegeben. Daher sollte der Benutzer diese Vertraulichkeits- und Cookie-Verwendungsrichtlinie regelm\u00e4\u00dfig konsultieren, um \u00fcber etwaige \u00c4nderungen informiert zu sein.<\/p><p><strong>Sammlung von Informationen<\/strong><\/p><p>Wir erfassen Informationen, wenn Sie sich auf unserer Website registrieren oder uns auf der Kontaktseite schreiben. Zu den erfassten Informationen geh\u00f6ren Ihr Name und Ihre E-Mail-Adresse.<\/p><p>Dar\u00fcber hinaus empfangen und zeichnen wir automatisch Informationen von Ihrem Computer und Browser auf, einschlie\u00dflich Ihrer IP-Adresse, Software und Hardware sowie der von Ihnen angeforderten Seite.<\/p><p><strong>Verwendung von Informationen<\/strong><\/p><p>Alle Informationen, die wir von Ihnen sammeln, k\u00f6nnen verwendet werden, um :<\/p><ul><li>Personalisieren Sie Ihr Erlebnis und erf\u00fcllen Sie Ihre individuellen Bed\u00fcrfnisse,<\/li><li>Bereitstellung personalisierter Werbeinhalte,<\/li><li>Verbessern Sie unsere Website,<\/li><li>Verbessern Sie den Kundenservice und Ihren Supportbedarf,<\/li><li>Kontaktieren Sie Sie per E-Mail.<\/li><\/ul><p><strong>Weitergabe an Dritte<\/strong><\/p><p>Wir verkaufen, handeln oder \u00fcbermitteln Ihre personenbezogenen Daten nicht an Dritte. Dies gilt nicht f\u00fcr vertrauensw\u00fcrdige Dritte, die uns beim Betrieb unserer Website oder bei der F\u00fchrung unserer Gesch\u00e4fte unterst\u00fctzen, sofern diese Parteien sich verpflichten, diese Informationen vertraulich zu behandeln.<\/p><p>Wir glauben, dass es notwendig ist, Informationen weiterzugeben, um illegale Aktivit\u00e4ten, mutma\u00dflichen Betrug, Situationen mit potenziellen Bedrohungen f\u00fcr die k\u00f6rperliche Sicherheit von Personen, Verst\u00f6\u00dfe gegen unsere Nutzungsbedingungen zu untersuchen, zu verhindern oder entsprechende Ma\u00dfnahmen zu ergreifen, oder wenn das Gesetz dies verlangt tun Sie dies.<\/p><p>Nicht-private Informationen k\u00f6nnen jedoch an andere Parteien f\u00fcr Marketing-, Werbe- oder andere Zwecke weitergegeben werden.<\/p><p><strong>Datenschutz<\/strong><\/p><p>Wir implementieren verschiedene Sicherheitsma\u00dfnahmen, um Ihre pers\u00f6nlichen Daten zu sch\u00fctzen (SSL, DSGVO). Zum Schutz vertraulicher online \u00fcbertragener Informationen verwenden wir modernste Verschl\u00fcsselung. Wir sch\u00fctzen Ihre Daten auch offline. Nur Mitarbeiter, die eine bestimmte Aufgabe ausf\u00fchren m\u00fcssen (z. B. Rechnungsstellung oder Kundendienst), haben Zugriff auf personenbezogene Daten. Computer und Server, auf denen personenbezogene Daten gespeichert werden, werden in einer sicheren Umgebung aufbewahrt.<\/p><p><strong>Verwenden wir Cookies ?<\/strong><\/p><p>Ja. Unsere Cookies verbessern den Zugriff auf unsere Website und identifizieren wiederkehrende Besucher. Dar\u00fcber hinaus verbessern unsere Cookies das Benutzererlebnis, indem sie ihre Interessen verfolgen und gezielt darauf abzielen. Diese Verwendung von Cookies ist jedoch in keiner Weise mit personenbezogenen Daten auf unserer Website verkn\u00fcpft.<\/p><p><strong>Abmelden<\/strong><\/p><p>Wir nutzen die von Ihnen angegebene E-Mail-Adresse f\u00fcr den Versand von Informationen, beispielsweise per E-Mail. Wenn Sie sich zu irgendeinem Zeitpunkt abmelden und unsere Mailings nicht mehr erhalten m\u00f6chten, finden Sie unten in jeder E-Mail detaillierte Anweisungen zum Abbestellen.<\/p><p><strong>Einwilligung<\/strong><\/p><p>Durch die Nutzung unserer Website stimmen Sie unserer Datenschutzerkl\u00e4rung zu.<\/p>\t\t\t\t\t\t\t\t<\/div>\n\t\t\t\t<\/div>\n\t\t\t\t\t<\/div>\n\t\t<\/div>\n\t\t\t\t\t<\/div>\n\t\t<\/section>\n\t\t\t\t\t<\/div>\n\t\t<\/div>\n\t\t\t\t\t<\/div>\n\t\t<\/section>\n\t\t\t\t<\/div>\n\t\t","protected":false},"excerpt":{"rendered":"<p>Datenschutzrichtlinie Immobilienagentur Thyon Immobilier Die Datenschutzerkl\u00e4rung kann jederzeit ge\u00e4ndert oder erg\u00e4nzt werden. Das Ziel besteht darin, alle gesetzlichen, beh\u00f6rdlichen, rechtswissenschaftlichen oder technologischen Entwicklungen einzuhalten und Sie als Benutzer zu warnen. Diese Datenschutzrichtlinie kann sich im Laufe der Zeit \u00e4ndern. Im Falle zuk\u00fcnftiger \u00c4nderungen oder zus\u00e4tzlicher Informationen wird das Datum der Aktualisierung oben in dieser Richtlinie [&hellip;]<\/p>\n","protected":false},"author":2,"featured_media":0,"parent":0,"menu_order":0,"comment_status":"closed","ping_status":"closed","template":"","meta":{"_acf_changed":false,"site-sidebar-layout":"default","site-content-layout":"page-builder","ast-site-content-layout":"default","site-content-style":"default","site-sidebar-style":"default","ast-global-header-display":"","ast-banner-title-visibility":"disabled","ast-main-header-display":"","ast-hfb-above-header-display":"","ast-hfb-below-header-display":"","ast-hfb-mobile-header-display":"","site-post-title":"disabled","ast-breadcrumbs-content":"disabled","ast-featured-img":"disabled","footer-sml-layout":"disabled","ast-disable-related-posts":"","theme-transparent-header-meta":"default","adv-header-id-meta":"","stick-header-meta":"","header-above-stick-meta":"","header-main-stick-meta":"","header-below-stick-meta":"","astra-migrate-meta-layouts":"set","ast-page-background-enabled":"default","ast-page-background-meta":{"desktop":{"background-color":"var(--ast-global-color-4)","background-image":"","background-repeat":"repeat","background-position":"center center","background-size":"auto","background-attachment":"scroll","background-type":"","background-media":"","overlay-type":"","overlay-color":"","overlay-opacity":"","overlay-gradient":""},"tablet":{"background-color":"","background-image":"","background-repeat":"repeat","background-position":"center center","background-size":"auto","background-attachment":"scroll","background-type":"","background-media":"","overlay-type":"","overlay-color":"","overlay-opacity":"","overlay-gradient":""},"mobile":{"background-color":"","background-image":"","background-repeat":"repeat","background-position":"center center","background-size":"auto","background-attachment":"scroll","background-type":"","background-media":"","overlay-type":"","overlay-color":"","overlay-opacity":"","overlay-gradient":""}},"ast-content-background-meta":{"desktop":{"background-color":"var(--ast-global-color-5)","background-image":"","background-repeat":"repeat","background-position":"center center","background-size":"auto","background-attachment":"scroll","background-type":"","background-media":"","overlay-type":"","overlay-color":"","overlay-opacity":"","overlay-gradient":""},"tablet":{"background-color":"var(--ast-global-color-5)","background-image":"","background-repeat":"repeat","background-position":"center center","background-size":"auto","background-attachment":"scroll","background-type":"","background-media":"","overlay-type":"","overlay-color":"","overlay-opacity":"","overlay-gradient":""},"mobile":{"background-color":"var(--ast-global-color-5)","background-image":"","background-repeat":"repeat","background-position":"center center","background-size":"auto","background-attachment":"scroll","background-type":"","background-media":"","overlay-type":"","overlay-color":"","overlay-opacity":"","overlay-gradient":""}},"footnotes":""},"class_list":["post-2858","page","type-page","status-publish","hentry"],"acf":[],"_links":{"self":[{"href":"https:\/\/thyon-immo.ch\/de\/wp-json\/wp\/v2\/pages\/2858","targetHints":{"allow":["GET"]}}],"collection":[{"href":"https:\/\/thyon-immo.ch\/de\/wp-json\/wp\/v2\/pages"}],"about":[{"href":"https:\/\/thyon-immo.ch\/de\/wp-json\/wp\/v2\/types\/page"}],"author":[{"embeddable":true,"href":"https:\/\/thyon-immo.ch\/de\/wp-json\/wp\/v2\/users\/2"}],"replies":[{"embeddable":true,"href":"https:\/\/thyon-immo.ch\/de\/wp-json\/wp\/v2\/comments?post=2858"}],"version-history":[{"count":0,"href":"https:\/\/thyon-immo.ch\/de\/wp-json\/wp\/v2\/pages\/2858\/revisions"}],"wp:attachment":[{"href":"https:\/\/thyon-immo.ch\/de\/wp-json\/wp\/v2\/media?parent=2858"}],"curies":[{"name":"wp","href":"https:\/\/api.w.org\/{rel}","templated":true}]}}